{"id":909,"date":"2017-12-01T11:54:46","date_gmt":"2017-12-01T10:54:46","guid":{"rendered":"http:\/\/macadamtraining.fr\/mon-kilometre-sante\/?page_id=909"},"modified":"2021-02-08T16:36:46","modified_gmt":"2021-02-08T15:36:46","slug":"parcours-a-10e","status":"publish","type":"page","link":"https:\/\/macadamtraining.fr\/mon-kilometre-sante\/parcours-a-10e\/","title":{"rendered":"Votre parcours \u00e0 10\u20ac"},"content":{"rendered":"[et_pb_section fb_built=\u00a0\u00bb1&Prime; module_class=\u00a0\u00bblogo-hdp\u00a0\u00bb _builder_version=\u00a0\u00bb3.22&Prime; background_image=\u00a0\u00bbhttps:\/\/macadamtraining.fr\/mon-kilometre-sante\/wp-content\/uploads\/2017\/12\/parcours_macadam.jpg\u00a0\u00bb background_size=\u00a0\u00bbcontain\u00a0\u00bb background_position=\u00a0\u00bbtop_center\u00a0\u00bb custom_css_main_element=\u00a0\u00bbpadding-top: 30px !important;\u00a0\u00bb][et_pb_row _builder_version=\u00a0\u00bb3.25&Prime; background_size=\u00a0\u00bbcontain\u00a0\u00bb width=\u00a0\u00bb100%\u00a0\u00bb max_width=\u00a0\u00bb100%\u00a0\u00bb module_alignment=\u00a0\u00bbcenter\u00a0\u00bb use_custom_width=\u00a0\u00bbon\u00a0\u00bb width_unit=\u00a0\u00bboff\u00a0\u00bb custom_width_px=\u00a0\u00bb2600px\u00a0\u00bb custom_width_percent=\u00a0\u00bb100%\u00a0\u00bb column_structure=\u00a0\u00bb1_4,1_2,1_4&Prime;][et_pb_column type=\u00a0\u00bb1_4&Prime; _builder_version=\u00a0\u00bb3.25&Prime; custom_padding=\u00a0\u00bb|||\u00a0\u00bb custom_padding__hover=\u00a0\u00bb|||\u00a0\u00bb][\/et_pb_column][et_pb_column type=\u00a0\u00bb1_2&Prime; _builder_version=\u00a0\u00bb3.25&Prime; custom_padding=\u00a0\u00bb|||\u00a0\u00bb custom_padding__hover=\u00a0\u00bb|||\u00a0\u00bb][et_pb_image src=\u00a0\u00bbhttps:\/\/macadamtraining.fr\/mon-kilometre-sante\/wp-content\/uploads\/2017\/11\/logo-ok-noiretbleu-400px.png\u00a0\u00bb url=\u00a0\u00bbhttps:\/\/macadamtraining.fr\/mon-kilometre-sante\/\u00a0\u00bb align=\u00a0\u00bbcenter\u00a0\u00bb align_tablet=\u00a0\u00bbcenter\u00a0\u00bb align_last_edited=\u00a0\u00bbon|desktop\u00a0\u00bb _builder_version=\u00a0\u00bb3.23&Prime; always_center_on_mobile=\u00a0\u00bbon\u00a0\u00bb][\/et_pb_image][\/et_pb_column][et_pb_column type=\u00a0\u00bb1_4&Prime; _builder_version=\u00a0\u00bb3.25&Prime; custom_padding=\u00a0\u00bb|||\u00a0\u00bb custom_padding__hover=\u00a0\u00bb|||\u00a0\u00bb][\/et_pb_column][\/et_pb_row][\/et_pb_section][et_pb_section fb_built=\u00a0\u00bb1&Prime; _builder_version=\u00a0\u00bb3.22&Prime;][et_pb_row _builder_version=\u00a0\u00bb3.25&Prime; background_size=\u00a0\u00bbinitial\u00a0\u00bb background_position=\u00a0\u00bbtop_left\u00a0\u00bb background_repeat=\u00a0\u00bbrepeat\u00a0\u00bb][et_pb_column type=\u00a0\u00bb4_4&Prime; _builder_version=\u00a0\u00bb3.25&Prime; custom_padding=\u00a0\u00bb|||\u00a0\u00bb custom_padding__hover=\u00a0\u00bb|||\u00a0\u00bb][et_pb_image src=\u00a0\u00bbhttps:\/\/macadamtraining.fr\/mon-kilometre-sante\/wp-content\/uploads\/2017\/12\/accueil-pourqui.gif\u00a0\u00bb align=\u00a0\u00bbcenter\u00a0\u00bb align_tablet=\u00a0\u00bbcenter\u00a0\u00bb align_last_edited=\u00a0\u00bbon|desktop\u00a0\u00bb _builder_version=\u00a0\u00bb3.23&Prime; always_center_on_mobile=\u00a0\u00bbon\u00a0\u00bb][\/et_pb_image][et_pb_post_title meta=\u00a0\u00bboff\u00a0\u00bb featured_image=\u00a0\u00bboff\u00a0\u00bb _builder_version=\u00a0\u00bb3.0.90&Prime;][\/et_pb_post_title][\/et_pb_column][\/et_pb_row][et_pb_row _builder_version=\u00a0\u00bb3.25&Prime; background_size=\u00a0\u00bbinitial\u00a0\u00bb background_position=\u00a0\u00bbtop_left\u00a0\u00bb background_repeat=\u00a0\u00bbrepeat\u00a0\u00bb column_structure=\u00a0\u00bb2_3,1_3&Prime;][et_pb_column type=\u00a0\u00bb2_3&Prime; _builder_version=\u00a0\u00bb3.25&Prime; custom_padding=\u00a0\u00bb|||\u00a0\u00bb custom_padding__hover=\u00a0\u00bb|||\u00a0\u00bb][et_pb_text _builder_version=\u00a0\u00bb3.27.4&Prime;]\n<h5>Un principe simple, accessible \u00e0 tous !<\/h5>\n<ul>\n<li>la s\u00e9ance \u00e0 10 euros pay\u00e9s sur place<\/li>\n<li>aucun engagement financier<\/li>\n<li>aucun engagement de pr\u00e9sence r\u00e9guli\u00e8re, vous venez quand vous voulez, quand vous pouvez&#8230;<\/li>\n<li>Toutefois r\u00e9servez bien votre participation en prenant rendez-vous avec votre Macadamtrainer<\/li>\n<li>le parcours se d\u00e9roule sur environ 1h<\/li>\n<li>les groupes sont limit\u00e9s \u00e0 10 ou 12 personnes pour un coaching efficace<\/li>\n<li>les parcours sont ouverts \u00e0 tous, quel que soit l&rsquo;\u00e2ge, la condition physique, le niveau sportif&#8230;<\/li>\n<li>un certificat m\u00e9dical de non contre-indication sportive \u00e0 pr\u00e9senter au macadamtrainer lors du 1<sup>er<\/sup> parcours<\/li>\n<li>trouvez votre place dans un groupe en vous adressant directement au coach<\/li>\n<li>le coach \u00e9value votre niveau et ajustera les exercices du parcours en fonction de celui-ci<\/li>\n<li>le sac \u00e0 dos du macadamtrainer pour y d\u00e9poser les clefs et le t\u00e9l\u00e9phone<\/li>\n<li>les enfants de plus de 8 ans doivent venir accompagn\u00e9s d&rsquo;un parent<\/li>\n<li>vous \u00eates satisfait(e) de votre parcours ! Prenez imm\u00e9diatement rendez-vous avec le coach pour la semaine suivante&#8230;<\/li>\n<\/ul>\n[\/et_pb_text][et_pb_button button_url=\u00a0\u00bbhttps:\/\/macadamtraining.fr\/mon-kilometre-sante\/les-macadamtrainers\/\u00a0\u00bb button_text=\u00a0\u00bbTrouvez votre coach\u00a0\u00bb button_alignment=\u00a0\u00bbcenter\u00a0\u00bb _builder_version=\u00a0\u00bb3.16&Prime; custom_button=\u00a0\u00bbon\u00a0\u00bb button_text_color=\u00a0\u00bb#000000&Prime; button_border_color=\u00a0\u00bb#000000&Prime; button_font=\u00a0\u00bbLato|||on|||||\u00a0\u00bb button_icon=\u00a0\u00bb%%36%%\u00a0\u00bb button_border_radius_hover=\u00a0\u00bb30&Prime; button_letter_spacing_hover=\u00a0\u00bb1&Prime; button_bg_color_hover=\u00a0\u00bb#f9f9f9&Prime; saved_tabs=\u00a0\u00bball\u00a0\u00bb button_text_size__hover_enabled=\u00a0\u00bboff\u00a0\u00bb button_one_text_size__hover_enabled=\u00a0\u00bboff\u00a0\u00bb button_two_text_size__hover_enabled=\u00a0\u00bboff\u00a0\u00bb button_text_color__hover_enabled=\u00a0\u00bboff\u00a0\u00bb button_one_text_color__hover_enabled=\u00a0\u00bboff\u00a0\u00bb button_two_text_color__hover_enabled=\u00a0\u00bboff\u00a0\u00bb button_border_width__hover_enabled=\u00a0\u00bboff\u00a0\u00bb button_one_border_width__hover_enabled=\u00a0\u00bboff\u00a0\u00bb button_two_border_width__hover_enabled=\u00a0\u00bboff\u00a0\u00bb button_border_color__hover_enabled=\u00a0\u00bboff\u00a0\u00bb button_one_border_color__hover_enabled=\u00a0\u00bboff\u00a0\u00bb button_two_border_color__hover_enabled=\u00a0\u00bboff\u00a0\u00bb button_border_radius__hover_enabled=\u00a0\u00bbon\u00a0\u00bb button_border_radius__hover=\u00a0\u00bb30&Prime; button_one_border_radius__hover_enabled=\u00a0\u00bboff\u00a0\u00bb button_two_border_radius__hover_enabled=\u00a0\u00bboff\u00a0\u00bb button_letter_spacing__hover_enabled=\u00a0\u00bbon\u00a0\u00bb button_letter_spacing__hover=\u00a0\u00bb1&Prime; button_one_letter_spacing__hover_enabled=\u00a0\u00bboff\u00a0\u00bb button_two_letter_spacing__hover_enabled=\u00a0\u00bboff\u00a0\u00bb button_bg_color__hover_enabled=\u00a0\u00bbon\u00a0\u00bb button_bg_color__hover=\u00a0\u00bb#f9f9f9&Prime; button_one_bg_color__hover_enabled=\u00a0\u00bboff\u00a0\u00bb button_two_bg_color__hover_enabled=\u00a0\u00bboff\u00a0\u00bb][\/et_pb_button][\/et_pb_column][et_pb_column type=\u00a0\u00bb1_3&Prime; _builder_version=\u00a0\u00bb3.25&Prime; custom_padding=\u00a0\u00bb|||\u00a0\u00bb custom_padding__hover=\u00a0\u00bb|||\u00a0\u00bb][et_pb_gallery gallery_ids=\u00a0\u00bb811,812,813,814,815,816,817,818,819,820,821,822,823,824,825,826,922,923&Prime; gallery_orderby=\u00a0\u00bbrand\u00a0\u00bb posts_number=\u00a0\u00bb25&Prime; show_title_and_caption=\u00a0\u00bboff\u00a0\u00bb show_pagination=\u00a0\u00bboff\u00a0\u00bb zoom_icon_color=\u00a0\u00bb#2ea3f2&Prime; hover_icon=\u00a0\u00bb%%186%%\u00a0\u00bb module_id=\u00a0\u00bbgalerie-2&Prime; _builder_version=\u00a0\u00bb3.0.90&Prime; title_level=\u00a0\u00bbh5&Prime; custom_margin=\u00a0\u00bb0px|0px|0px|0px\u00a0\u00bb custom_padding=\u00a0\u00bb0px|0px|0px|0px\u00a0\u00bb pagination_font_size_tablet=\u00a0\u00bb51&Prime; pagination_line_height_tablet=\u00a0\u00bb2&Prime; saved_tabs=\u00a0\u00bball\u00a0\u00bb][\/et_pb_gallery][\/et_pb_column][\/et_pb_row][\/et_pb_section][et_pb_section fb_built=\u00a0\u00bb1&Prime; fullwidth=\u00a0\u00bbon\u00a0\u00bb admin_label=\u00a0\u00bbcarroussel macadamtrainer d\u00e9c 2020 plugin OWL\u00a0\u00bb _builder_version=\u00a0\u00bb4.7.4&Prime; global_module=\u00a0\u00bb3321&Prime;][et_pb_dp_oc_fw number_post=\u00a0\u00bb100&Prime; cpt_name=\u00a0\u00bbproject\u00a0\u00bb orderby=\u00a0\u00bbrand\u00a0\u00bb show_post_title=\u00a0\u00bbon\u00a0\u00bb show_post_excerpt=\u00a0\u00bbon\u00a0\u00bb items_per_slide=\u00a0\u00bb3&Prime; show_control=\u00a0\u00bboff\u00a0\u00bb lazy_load=\u00a0\u00bbon\u00a0\u00bb arrow_size=\u00a0\u00bb6em\u00a0\u00bb slide_auto=\u00a0\u00bboff\u00a0\u00bb thumbnail_size=\u00a0\u00bbmedium\u00a0\u00bb number_thumb=\u00a0\u00bb7&Prime; number_thumb_tablet=\u00a0\u00bb5&Prime; number_thumb_phone=\u00a0\u00bb3&Prime; number_thumb_last_edited=\u00a0\u00bbon|phone\u00a0\u00bb item_margin=\u00a0\u00bb0&Prime; _builder_version=\u00a0\u00bb4.7.4&Prime; _module_preset=\u00a0\u00bbdefault\u00a0\u00bb post_title_font=\u00a0\u00bb|700|||||||\u00a0\u00bb post_title_font_size=\u00a0\u00bb0.87vw\u00a0\u00bb post_title_line_height=\u00a0\u00bb1.4em\u00a0\u00bb post_excerpt_text_align=\u00a0\u00bbcenter\u00a0\u00bb post_excerpt_font_size=\u00a0\u00bb0.8vw\u00a0\u00bb post_excerpt_line_height=\u00a0\u00bb1.2em\u00a0\u00bb text_orientation=\u00a0\u00bbcenter\u00a0\u00bb module_alignment=\u00a0\u00bbcenter\u00a0\u00bb custom_margin=\u00a0\u00bb0px|0px|0px|0px|false|false\u00a0\u00bb custom_padding=\u00a0\u00bb0px|0px|0px|0px|false|false\u00a0\u00bb][\/et_pb_dp_oc_fw][\/et_pb_section]\n","protected":false},"excerpt":{"rendered":"<p>Un principe simple, accessible \u00e0 tous ! la s\u00e9ance \u00e0 10 euros pay\u00e9s sur place aucun engagement financier aucun engagement de pr\u00e9sence r\u00e9guli\u00e8re, vous venez quand vous voulez, quand vous pouvez&#8230; Toutefois r\u00e9servez bien votre participation en prenant rendez-vous avec votre Macadamtrainer le parcours se d\u00e9roule sur environ 1h les groupes sont limit\u00e9s \u00e0 10 [&hellip;]<\/p>\n","protected":false},"author":1,"featured_media":0,"parent":0,"menu_order":0,"comment_status":"closed","ping_status":"closed","template":"","meta":{"_et_pb_use_builder":"on","_et_pb_old_content":"","_et_gb_content_width":"","footnotes":""},"class_list":["post-909","page","type-page","status-publish","hentry"],"yoast_head":"<!-- This site is optimized with the Yoast SEO plugin v27.4 - https:\/\/yoast.com\/product\/yoast-seo-wordpress\/ -->\n<title>Votre parcours \u00e0 10\u20ac - Macadamtraining - Mon kilom\u00e8tre sant\u00e9<\/title>\n<meta name=\"robots\" content=\"index, follow, max-snippet:-1, max-image-preview:large, max-video-preview:-1\" \/>\n<link rel=\"canonical\" href=\"https:\/\/macadamtraining.fr\/mon-kilometre-sante\/parcours-a-10e\/\" \/>\n<meta property=\"og:locale\" content=\"fr_FR\" \/>\n<meta property=\"og:type\" content=\"article\" \/>\n<meta property=\"og:title\" content=\"Votre parcours \u00e0 10\u20ac - Macadamtraining - Mon kilom\u00e8tre sant\u00e9\" \/>\n<meta property=\"og:description\" content=\"Un principe simple, accessible \u00e0 tous ! la s\u00e9ance \u00e0 10 euros pay\u00e9s sur place aucun engagement financier aucun engagement de pr\u00e9sence r\u00e9guli\u00e8re, vous venez quand vous voulez, quand vous pouvez... Toutefois r\u00e9servez bien votre participation en prenant rendez-vous avec votre Macadamtrainer le parcours se d\u00e9roule sur environ 1h les groupes sont limit\u00e9s \u00e0 10 [&hellip;]\" \/>\n<meta property=\"og:url\" content=\"https:\/\/macadamtraining.fr\/mon-kilometre-sante\/parcours-a-10e\/\" \/>\n<meta property=\"og:site_name\" content=\"Macadamtraining - Mon kilom\u00e8tre sant\u00e9\" \/>\n<meta property=\"article:publisher\" content=\"https:\/\/www.facebook.com\/macadamtraining\/\" \/>\n<meta property=\"article:modified_time\" content=\"2021-02-08T15:36:46+00:00\" \/>\n<meta name=\"twitter:card\" content=\"summary_large_image\" \/>\n<meta name=\"twitter:label1\" content=\"Dur\u00e9e de lecture estim\u00e9e\" \/>\n\t<meta name=\"twitter:data1\" content=\"4 minutes\" \/>\n<script type=\"application\/ld+json\" class=\"yoast-schema-graph\">{\"@context\":\"https:\\\/\\\/schema.org\",\"@graph\":[{\"@type\":\"WebPage\",\"@id\":\"https:\\\/\\\/macadamtraining.fr\\\/mon-kilometre-sante\\\/parcours-a-10e\\\/\",\"url\":\"https:\\\/\\\/macadamtraining.fr\\\/mon-kilometre-sante\\\/parcours-a-10e\\\/\",\"name\":\"Votre parcours \u00e0 10\u20ac - Macadamtraining - Mon kilom\u00e8tre sant\u00e9\",\"isPartOf\":{\"@id\":\"https:\\\/\\\/macadamtraining.fr\\\/mon-kilometre-sante\\\/#website\"},\"datePublished\":\"2017-12-01T10:54:46+00:00\",\"dateModified\":\"2021-02-08T15:36:46+00:00\",\"breadcrumb\":{\"@id\":\"https:\\\/\\\/macadamtraining.fr\\\/mon-kilometre-sante\\\/parcours-a-10e\\\/#breadcrumb\"},\"inLanguage\":\"fr-FR\",\"potentialAction\":[{\"@type\":\"ReadAction\",\"target\":[\"https:\\\/\\\/macadamtraining.fr\\\/mon-kilometre-sante\\\/parcours-a-10e\\\/\"]}]},{\"@type\":\"BreadcrumbList\",\"@id\":\"https:\\\/\\\/macadamtraining.fr\\\/mon-kilometre-sante\\\/parcours-a-10e\\\/#breadcrumb\",\"itemListElement\":[{\"@type\":\"ListItem\",\"position\":1,\"name\":\"Accueil\",\"item\":\"https:\\\/\\\/macadamtraining.fr\\\/mon-kilometre-sante\\\/\"},{\"@type\":\"ListItem\",\"position\":2,\"name\":\"Votre parcours \u00e0 10\u20ac\"}]},{\"@type\":\"WebSite\",\"@id\":\"https:\\\/\\\/macadamtraining.fr\\\/mon-kilometre-sante\\\/#website\",\"url\":\"https:\\\/\\\/macadamtraining.fr\\\/mon-kilometre-sante\\\/\",\"name\":\"Macadamtraining - Mon kilom\u00e8tre sant\u00e9\",\"description\":\"Avec nos macadamtrainer - D\u00e9couvrez le sport en mileu urbain autrement !\",\"potentialAction\":[{\"@type\":\"SearchAction\",\"target\":{\"@type\":\"EntryPoint\",\"urlTemplate\":\"https:\\\/\\\/macadamtraining.fr\\\/mon-kilometre-sante\\\/?s={search_term_string}\"},\"query-input\":{\"@type\":\"PropertyValueSpecification\",\"valueRequired\":true,\"valueName\":\"search_term_string\"}}],\"inLanguage\":\"fr-FR\"}]}<\/script>\n<!-- \/ Yoast SEO plugin. -->","yoast_head_json":{"title":"Votre parcours \u00e0 10\u20ac - Macadamtraining - Mon kilom\u00e8tre sant\u00e9","robots":{"index":"index","follow":"follow","max-snippet":"max-snippet:-1","max-image-preview":"max-image-preview:large","max-video-preview":"max-video-preview:-1"},"canonical":"https:\/\/macadamtraining.fr\/mon-kilometre-sante\/parcours-a-10e\/","og_locale":"fr_FR","og_type":"article","og_title":"Votre parcours \u00e0 10\u20ac - Macadamtraining - Mon kilom\u00e8tre sant\u00e9","og_description":"Un principe simple, accessible \u00e0 tous ! la s\u00e9ance \u00e0 10 euros pay\u00e9s sur place aucun engagement financier aucun engagement de pr\u00e9sence r\u00e9guli\u00e8re, vous venez quand vous voulez, quand vous pouvez... Toutefois r\u00e9servez bien votre participation en prenant rendez-vous avec votre Macadamtrainer le parcours se d\u00e9roule sur environ 1h les groupes sont limit\u00e9s \u00e0 10 [&hellip;]","og_url":"https:\/\/macadamtraining.fr\/mon-kilometre-sante\/parcours-a-10e\/","og_site_name":"Macadamtraining - Mon kilom\u00e8tre sant\u00e9","article_publisher":"https:\/\/www.facebook.com\/macadamtraining\/","article_modified_time":"2021-02-08T15:36:46+00:00","twitter_card":"summary_large_image","twitter_misc":{"Dur\u00e9e de lecture estim\u00e9e":"4 minutes"},"schema":{"@context":"https:\/\/schema.org","@graph":[{"@type":"WebPage","@id":"https:\/\/macadamtraining.fr\/mon-kilometre-sante\/parcours-a-10e\/","url":"https:\/\/macadamtraining.fr\/mon-kilometre-sante\/parcours-a-10e\/","name":"Votre parcours \u00e0 10\u20ac - Macadamtraining - Mon kilom\u00e8tre sant\u00e9","isPartOf":{"@id":"https:\/\/macadamtraining.fr\/mon-kilometre-sante\/#website"},"datePublished":"2017-12-01T10:54:46+00:00","dateModified":"2021-02-08T15:36:46+00:00","breadcrumb":{"@id":"https:\/\/macadamtraining.fr\/mon-kilometre-sante\/parcours-a-10e\/#breadcrumb"},"inLanguage":"fr-FR","potentialAction":[{"@type":"ReadAction","target":["https:\/\/macadamtraining.fr\/mon-kilometre-sante\/parcours-a-10e\/"]}]},{"@type":"BreadcrumbList","@id":"https:\/\/macadamtraining.fr\/mon-kilometre-sante\/parcours-a-10e\/#breadcrumb","itemListElement":[{"@type":"ListItem","position":1,"name":"Accueil","item":"https:\/\/macadamtraining.fr\/mon-kilometre-sante\/"},{"@type":"ListItem","position":2,"name":"Votre parcours \u00e0 10\u20ac"}]},{"@type":"WebSite","@id":"https:\/\/macadamtraining.fr\/mon-kilometre-sante\/#website","url":"https:\/\/macadamtraining.fr\/mon-kilometre-sante\/","name":"Macadamtraining - Mon kilom\u00e8tre sant\u00e9","description":"Avec nos macadamtrainer - D\u00e9couvrez le sport en mileu urbain autrement !","potentialAction":[{"@type":"SearchAction","target":{"@type":"EntryPoint","urlTemplate":"https:\/\/macadamtraining.fr\/mon-kilometre-sante\/?s={search_term_string}"},"query-input":{"@type":"PropertyValueSpecification","valueRequired":true,"valueName":"search_term_string"}}],"inLanguage":"fr-FR"}]}},"_links":{"self":[{"href":"https:\/\/macadamtraining.fr\/mon-kilometre-sante\/wp-json\/wp\/v2\/pages\/909","targetHints":{"allow":["GET"]}}],"collection":[{"href":"https:\/\/macadamtraining.fr\/mon-kilometre-sante\/wp-json\/wp\/v2\/pages"}],"about":[{"href":"https:\/\/macadamtraining.fr\/mon-kilometre-sante\/wp-json\/wp\/v2\/types\/page"}],"author":[{"embeddable":true,"href":"https:\/\/macadamtraining.fr\/mon-kilometre-sante\/wp-json\/wp\/v2\/users\/1"}],"replies":[{"embeddable":true,"href":"https:\/\/macadamtraining.fr\/mon-kilometre-sante\/wp-json\/wp\/v2\/comments?post=909"}],"version-history":[{"count":1,"href":"https:\/\/macadamtraining.fr\/mon-kilometre-sante\/wp-json\/wp\/v2\/pages\/909\/revisions"}],"predecessor-version":[{"id":3506,"href":"https:\/\/macadamtraining.fr\/mon-kilometre-sante\/wp-json\/wp\/v2\/pages\/909\/revisions\/3506"}],"wp:attachment":[{"href":"https:\/\/macadamtraining.fr\/mon-kilometre-sante\/wp-json\/wp\/v2\/media?parent=909"}],"curies":[{"name":"wp","href":"https:\/\/api.w.org\/{rel}","templated":true}]}}