{"id":653,"date":"2017-11-17T10:47:02","date_gmt":"2017-11-17T09:47:02","guid":{"rendered":"http:\/\/macadamtraining.fr\/mon-kilometre-sante\/?page_id=653"},"modified":"2020-04-24T16:15:53","modified_gmt":"2020-04-24T14:15:53","slug":"la-formation-universitaire","status":"publish","type":"page","link":"https:\/\/macadamtraining.fr\/mon-kilometre-sante\/la-formation-universitaire\/","title":{"rendered":"La formation universitaire"},"content":{"rendered":"[et_pb_section bb_built=\u00a0\u00bb1&Prime; _builder_version=\u00a0\u00bb3.0.89&Prime; custom_css_main_element=\u00a0\u00bbpadding: 0;\u00a0\u00bb next_background_color=\u00a0\u00bb#000000&Prime;][et_pb_row _builder_version=\u00a0\u00bb3.0.89&Prime; use_custom_width=\u00a0\u00bbon\u00a0\u00bb width_unit=\u00a0\u00bboff\u00a0\u00bb custom_margin=\u00a0\u00bb0px|||\u00a0\u00bb custom_padding=\u00a0\u00bb0px|||\u00a0\u00bb custom_width_percent=\u00a0\u00bb85%\u00a0\u00bb][et_pb_column type=\u00a0\u00bb1_4&Prime;][\/et_pb_column][et_pb_column type=\u00a0\u00bb1_2&Prime;][et_pb_image _builder_version=\u00a0\u00bb3.0.90&Prime; src=\u00a0\u00bbhttps:\/\/macadamtraining.fr\/mon-kilometre-sante\/wp-content\/uploads\/2017\/12\/formation_univ-1.png\u00a0\u00bb show_in_lightbox=\u00a0\u00bboff\u00a0\u00bb url_new_window=\u00a0\u00bboff\u00a0\u00bb use_overlay=\u00a0\u00bboff\u00a0\u00bb align=\u00a0\u00bbcenter\u00a0\u00bb always_center_on_mobile=\u00a0\u00bbon\u00a0\u00bb force_fullwidth=\u00a0\u00bboff\u00a0\u00bb show_bottom_space=\u00a0\u00bbon\u00a0\u00bb \/][\/et_pb_column][et_pb_column type=\u00a0\u00bb1_4&Prime;][\/et_pb_column][\/et_pb_row][\/et_pb_section][et_pb_section bb_built=\u00a0\u00bb1&Prime; fullwidth=\u00a0\u00bboff\u00a0\u00bb specialty=\u00a0\u00bbon\u00a0\u00bb _builder_version=\u00a0\u00bb3.0.90&Prime; width_unit=\u00a0\u00bboff\u00a0\u00bb custom_width_percent=\u00a0\u00bb90%\u00a0\u00bb use_custom_width=\u00a0\u00bbon\u00a0\u00bb background_size=\u00a0\u00bbcontain\u00a0\u00bb background_position=\u00a0\u00bbbottom_center\u00a0\u00bb custom_margin=\u00a0\u00bb0px|||\u00a0\u00bb custom_padding=\u00a0\u00bb0px|||\u00a0\u00bb prev_background_color=\u00a0\u00bb#000000&Prime;][et_pb_column type=\u00a0\u00bb2_3&Prime; specialty_columns=\u00a0\u00bb2&Prime;][et_pb_row_inner admin_label=\u00a0\u00bbLigne\u00a0\u00bb _builder_version=\u00a0\u00bb3.0.90&Prime; gutter_width=\u00a0\u00bb1&Prime;][et_pb_column_inner type=\u00a0\u00bb4_4&Prime; saved_specialty_column_type=\u00a0\u00bb2_3&Prime;][et_pb_text _builder_version=\u00a0\u00bb3.0.89&Prime; background_layout=\u00a0\u00bblight\u00a0\u00bb]\n<h2>La licence professionnelle Sant\u00e9, Vieillissement et Activit\u00e9s Physiques Adapt\u00e9es<\/h2>\n<p>L\u2019Universite\u0301 Paris-Est-Cre\u0301teil associe\u0301e a\u0300 l&rsquo;Universite\u0301 Paris-Est-Marne la Valle\u0301e forme de\u0301sormais a\u0300 l&rsquo;encadrement de parcours sante\u0301.<br \/>\nIl s&rsquo;agit bien de cre\u0301er les conditions d&rsquo;une pratique au plus pre\u0300s des citoyens qui ont besoin de ce type de service adapte\u0301 au mode de vie urbain.<br \/>\nCette formation est dispense\u0301e dans le cadre de la licence professionnelle Sante\u0301, Vieillissement et Activite\u0301s Physiques Adapte\u0301es. En adaptant les variables des exercices, on garantit ainsi une qualite\u0301 de service et on re\u0301pond mieux aux attentes des pratiquants.<br \/>\nCette licence comprend d&rsquo;autres enseignements dont l&rsquo;objectif est d&rsquo;encadrer un public senior.<\/p>\n[\/et_pb_text][\/et_pb_column_inner][\/et_pb_row_inner][et_pb_row_inner admin_label=\u00a0\u00bbLigne\u00a0\u00bb _builder_version=\u00a0\u00bb3.0.90&Prime; gutter_width=\u00a0\u00bb1&Prime;][et_pb_column_inner type=\u00a0\u00bb1_2&Prime; saved_specialty_column_type=\u00a0\u00bb2_3&Prime;][et_pb_image _builder_version=\u00a0\u00bb3.0.90&Prime; src=\u00a0\u00bbhttps:\/\/macadamtraining.fr\/mon-kilometre-sante\/wp-content\/uploads\/2017\/12\/objectifs.png\u00a0\u00bb show_in_lightbox=\u00a0\u00bboff\u00a0\u00bb url_new_window=\u00a0\u00bboff\u00a0\u00bb use_overlay=\u00a0\u00bboff\u00a0\u00bb align=\u00a0\u00bbcenter\u00a0\u00bb always_center_on_mobile=\u00a0\u00bbon\u00a0\u00bb force_fullwidth=\u00a0\u00bboff\u00a0\u00bb show_bottom_space=\u00a0\u00bbon\u00a0\u00bb module_class=\u00a0\u00bbform-univ1&Prime; max_width=\u00a0\u00bb85%\u00a0\u00bb custom_padding=\u00a0\u00bb||20px|\u00a0\u00bb \/][\/et_pb_column_inner][et_pb_column_inner type=\u00a0\u00bb1_2&Prime; saved_specialty_column_type=\u00a0\u00bb2_3&Prime;][et_pb_text admin_label=\u00a0\u00bbTexte Objectifs\u00a0\u00bb _builder_version=\u00a0\u00bb3.0.90&Prime; background_layout=\u00a0\u00bblight\u00a0\u00bb max_width_last_edited=\u00a0\u00bboff|phone\u00a0\u00bb]\n<h3>Objectifs<\/h3>\n<p>Cette licence doit vous permettre d\u2019acqu\u00e9rir des compe\u0301tences dans le domaine de l\u2019enseignement des Activite\u0301s Physiques Adapt\u00e9es aux publics s\u00e9niors jeunes (-59 ans) et moins jeunes (+60 ans).<\/p>\n<p>Les contenus sont de plusieurs types :<\/p>\n<ul>\n<li>Approche g\u00e9n\u00e9rale de l&rsquo;activit\u00e9 physique adapt\u00e9e et de la sant\u00e9<\/li>\n<li>Connaissance des publics seniors<\/li>\n<li>Connaissance et maitrise des pratiques (parcours sant\u00e9, relaxation, gymnastique d&rsquo;entretien (&#8230;.)<\/li>\n<\/ul>\n[\/et_pb_text][\/et_pb_column_inner][\/et_pb_row_inner][et_pb_row_inner admin_label=\u00a0\u00bbLigne\u00a0\u00bb _builder_version=\u00a0\u00bb3.0.89&Prime;][et_pb_column_inner type=\u00a0\u00bb1_2&Prime; saved_specialty_column_type=\u00a0\u00bb2_3&Prime;][et_pb_image _builder_version=\u00a0\u00bb3.0.90&Prime; src=\u00a0\u00bbhttps:\/\/macadamtraining.fr\/mon-kilometre-sante\/wp-content\/uploads\/2017\/12\/competences.png\u00a0\u00bb show_in_lightbox=\u00a0\u00bboff\u00a0\u00bb url_new_window=\u00a0\u00bboff\u00a0\u00bb use_overlay=\u00a0\u00bboff\u00a0\u00bb align=\u00a0\u00bbcenter\u00a0\u00bb always_center_on_mobile=\u00a0\u00bbon\u00a0\u00bb force_fullwidth=\u00a0\u00bboff\u00a0\u00bb show_bottom_space=\u00a0\u00bbon\u00a0\u00bb module_class=\u00a0\u00bbform-univ1&Prime; max_width=\u00a0\u00bb85%\u00a0\u00bb \/][\/et_pb_column_inner][et_pb_column_inner type=\u00a0\u00bb1_2&Prime; saved_specialty_column_type=\u00a0\u00bb2_3&Prime;][et_pb_text admin_label=\u00a0\u00bbTexte comp\u00e9tences\u00a0\u00bb _builder_version=\u00a0\u00bb3.0.90&Prime; background_layout=\u00a0\u00bblight\u00a0\u00bb]\n<h3>Comp\u00e9tences<\/h3>\n<ul>\n<li>\u00catre capable de concevoir, de\u0301velopper et ge\u0301rer un projet d&rsquo;Activite\u0301s Physiques Adapte\u0301es pour les seniors en proposant des contenus individualise\u0301s a\u0300 chaque a\u0302ge de la vie.<\/li>\n<li>\u00catre concepteur, animateur et pe\u0301dagogue.<\/li>\n<li>\u00catre a\u0300 l&rsquo;e\u0301coute, donner des informations comple\u0301mentaires aux se\u0301ances d&rsquo;entretien physique pour accompagner le pratiquant dans la gestion de sa vie physique.<\/li>\n<\/ul>\n[\/et_pb_text][\/et_pb_column_inner][\/et_pb_row_inner][et_pb_row_inner admin_label=\u00a0\u00bbLigne\u00a0\u00bb _builder_version=\u00a0\u00bb3.0.89&Prime;][et_pb_column_inner type=\u00a0\u00bb1_2&Prime; saved_specialty_column_type=\u00a0\u00bb2_3&Prime;][et_pb_image _builder_version=\u00a0\u00bb3.0.90&Prime; src=\u00a0\u00bbhttps:\/\/macadamtraining.fr\/mon-kilometre-sante\/wp-content\/uploads\/2017\/12\/retombees.png\u00a0\u00bb show_in_lightbox=\u00a0\u00bboff\u00a0\u00bb url_new_window=\u00a0\u00bboff\u00a0\u00bb use_overlay=\u00a0\u00bboff\u00a0\u00bb align=\u00a0\u00bbcenter\u00a0\u00bb always_center_on_mobile=\u00a0\u00bbon\u00a0\u00bb force_fullwidth=\u00a0\u00bboff\u00a0\u00bb show_bottom_space=\u00a0\u00bbon\u00a0\u00bb module_class=\u00a0\u00bbform-univ1&Prime; max_width=\u00a0\u00bb85%\u00a0\u00bb \/][\/et_pb_column_inner][et_pb_column_inner type=\u00a0\u00bb1_2&Prime; saved_specialty_column_type=\u00a0\u00bb2_3&Prime;][et_pb_text admin_label=\u00a0\u00bbTexte retomb\u00e9s\u00a0\u00bb _builder_version=\u00a0\u00bb3.0.90&Prime; background_layout=\u00a0\u00bblight\u00a0\u00bb]\n<h3>Les retomb\u00e9es professionnelles<\/h3>\n<p>Cette licence doit vous conduire aux recrutements dans les associations en tant qu&rsquo;encadrant APA, en tant que coordinateur et de\u0301veloppeur d&rsquo;activite\u0301s dans les fe\u0301de\u0301rations ou associations, dans des services de re\u0301e\u0301ducation fonctionnelle (&#8230;).<br \/>\nAvec votre carte professionnelle, vous pourrez e\u0301galement devenir autoentrepreneur, travailler a\u0300 votre propre compte et pourquoi pas rejoindre la communaute\u0301 des <strong>Macadamtrainers !<\/strong><\/p>\n[\/et_pb_text][\/et_pb_column_inner][\/et_pb_row_inner][\/et_pb_column][et_pb_column type=\u00a0\u00bb1_3&Prime;][et_pb_cta admin_label=\u00a0\u00bbEncadr\u00e9 UPEC\u00a0\u00bb _builder_version=\u00a0\u00bb3.7&Prime; title=\u00a0\u00bbNiveaux requis\u00a0\u00bb url_new_window=\u00a0\u00bbon\u00a0\u00bb button_url=\u00a0\u00bbhttp:\/\/www.u-pec.fr\/pratiques\/universite\/formation\/licence-professionnelle-sante-vieillissement-et-activites-physiques-adaptees-642698.kjsp?RH=1176931876081&Prime; button_text=\u00a0\u00bbSite de l&rsquo;upec\u00a0\u00bb background_color=\u00a0\u00bb#75a7dc\u00a0\u00bb]\n<div class=\"column\">\n<h3><strong>Bac + 2<\/strong><\/h3>\n<p>Vous devez avoir valide\u0301 une L1 et L2 Staps, l\u2019e\u0301quivalent d\u2019un DEUG\u00a02<\/p>\n<p>Dipl\u00f4me accessible en validation des acquis de l&rsquo;exp\u00e9rience, sous certaines conditions.<\/p>\n<\/div>\n[\/et_pb_cta][et_pb_cta _builder_version=\u00a0\u00bb3.0.90&Prime; title=\u00a0\u00bbContacts\u00a0\u00bb url_new_window=\u00a0\u00bboff\u00a0\u00bb use_background_color=\u00a0\u00bbon\u00a0\u00bb background_layout=\u00a0\u00bblight\u00a0\u00bb custom_button=\u00a0\u00bboff\u00a0\u00bb button_icon_placement=\u00a0\u00bbright\u00a0\u00bb custom_margin=\u00a0\u00bb0px|0px|15px|0px\u00a0\u00bb background_color=\u00a0\u00bb#eeeeee\u00a0\u00bb custom_padding=\u00a0\u00bb||0px|\u00a0\u00bb]\n<h5>Christine Cardin<\/h5>\n<p>Responsable de la licence professionnelle de l&rsquo;UPEC<br \/>\n&#8211; T\u00e9l. 01 42 40 45 10<br \/>\n<a href=\"mailto:christine.cardin@u-pec.fr\">christine.cardin@u-pec.fr<\/a><\/p>\n<h5>H\u00e9l\u00e8ne Commo<\/h5>\n<p>Responsable de la licence professionnelle sur l&rsquo;UPEM<br \/>\n&#8211; T\u00e9l. 06 46 39 35 34<br \/>\n<a href=\"mailto:helene.commo@u-pem.fr\">helene.commo@u-pem.fr<\/a><\/p>\n<p><img decoding=\"async\" class=\"alignnone wp-image-851\" src=\"https:\/\/macadamtraining.fr\/mon-kilometre-sante\/wp-content\/uploads\/2017\/11\/upem-140.png\" alt=\"\" width=\"89\" height=\"60\" \/> <img decoding=\"async\" class=\"alignnone wp-image-852\" src=\"https:\/\/macadamtraining.fr\/mon-kilometre-sante\/wp-content\/uploads\/2017\/11\/upec-140.png\" alt=\"\" width=\"90\" height=\"60\" \/><\/p>\n[\/et_pb_cta][et_pb_gallery _builder_version=\u00a0\u00bb3.15&Prime; posts_number=\u00a0\u00bb12&Prime; show_title_and_caption=\u00a0\u00bboff\u00a0\u00bb gallery_ids=\u00a0\u00bb1061,1062,1063,1974&Prime; fullwidth=\u00a0\u00bbon\u00a0\u00bb zoom_icon_color=\u00a0\u00bb#2ea3f2&Prime; hover_overlay_color=\u00a0\u00bbrgba(255,255,255,0.9)\u00a0\u00bb hover_icon=\u00a0\u00bb%%47%%\u00a0\u00bb pagination_font_size_tablet=\u00a0\u00bb51&Prime; pagination_line_height_tablet=\u00a0\u00bb2&Prime; gallery_orderby=\u00a0\u00bbrand\u00a0\u00bb auto=\u00a0\u00bbon\u00a0\u00bb auto_speed=\u00a0\u00bb5000&Prime; \/][et_pb_button admin_label=\u00a0\u00bbPDF UPEC\u00a0\u00bb _builder_version=\u00a0\u00bb3.0.90&Prime; button_text=\u00a0\u00bbVoir le PDF\u00a0\u00bb button_url=\u00a0\u00bbhttps:\/\/macadamtraining.fr\/mon-kilometre-sante\/wp-content\/uploads\/2017\/12\/formation-universitaire.pdf\u00a0\u00bb url_new_window=\u00a0\u00bbon\u00a0\u00bb button_alignment=\u00a0\u00bbcenter\u00a0\u00bb background_layout=\u00a0\u00bblight\u00a0\u00bb custom_button=\u00a0\u00bboff\u00a0\u00bb button_icon_placement=\u00a0\u00bbright\u00a0\u00bb \/][\/et_pb_column][\/et_pb_section]\n","protected":false},"excerpt":{"rendered":"<p>La licence professionnelle Sant\u00e9, Vieillissement et Activit\u00e9s Physiques Adapt\u00e9es L\u2019Universite\u0301 Paris-Est-Cre\u0301teil associe\u0301e a\u0300 l&rsquo;Universite\u0301 Paris-Est-Marne la Valle\u0301e forme de\u0301sormais a\u0300 l&rsquo;encadrement de parcours sante\u0301. Il s&rsquo;agit bien de cre\u0301er les conditions d&rsquo;une pratique au plus pre\u0300s des citoyens qui ont besoin de ce type de service adapte\u0301 au mode de vie urbain. Cette formation est [&hellip;]<\/p>\n","protected":false},"author":1,"featured_media":473,"parent":0,"menu_order":0,"comment_status":"closed","ping_status":"closed","template":"","meta":{"_et_pb_use_builder":"on","_et_pb_old_content":"","_et_gb_content_width":"","footnotes":""},"class_list":["post-653","page","type-page","status-publish","has-post-thumbnail","hentry"],"yoast_head":"<!-- This site is optimized with the Yoast SEO plugin v27.3 - https:\/\/yoast.com\/product\/yoast-seo-wordpress\/ -->\n<title>La formation universitaire - Macadamtraining - Mon kilom\u00e8tre sant\u00e9<\/title>\n<meta name=\"robots\" content=\"index, follow, max-snippet:-1, max-image-preview:large, max-video-preview:-1\" \/>\n<link rel=\"canonical\" href=\"https:\/\/macadamtraining.fr\/mon-kilometre-sante\/la-formation-universitaire\/\" \/>\n<meta property=\"og:locale\" content=\"fr_FR\" \/>\n<meta property=\"og:type\" content=\"article\" \/>\n<meta property=\"og:title\" content=\"La formation universitaire - Macadamtraining - Mon kilom\u00e8tre sant\u00e9\" \/>\n<meta property=\"og:description\" content=\"La licence professionnelle Sant\u00e9, Vieillissement et Activit\u00e9s Physiques Adapt\u00e9es L\u2019Universite\u0301 Paris-Est-Cre\u0301teil associe\u0301e a\u0300 l&#039;Universite\u0301 Paris-Est-Marne la Valle\u0301e forme de\u0301sormais a\u0300 l&#039;encadrement de parcours sante\u0301. Il s&#039;agit bien de cre\u0301er les conditions d&#039;une pratique au plus pre\u0300s des citoyens qui ont besoin de ce type de service adapte\u0301 au mode de vie urbain. Cette formation est [&hellip;]\" \/>\n<meta property=\"og:url\" content=\"https:\/\/macadamtraining.fr\/mon-kilometre-sante\/la-formation-universitaire\/\" \/>\n<meta property=\"og:site_name\" content=\"Macadamtraining - Mon kilom\u00e8tre sant\u00e9\" \/>\n<meta property=\"article:publisher\" content=\"https:\/\/www.facebook.com\/macadamtraining\/\" \/>\n<meta property=\"article:modified_time\" content=\"2020-04-24T14:15:53+00:00\" \/>\n<meta property=\"og:image\" content=\"https:\/\/macadamtraining.fr\/mon-kilometre-sante\/wp-content\/uploads\/2017\/10\/img_6926.jpg\" \/>\n\t<meta property=\"og:image:width\" content=\"1600\" \/>\n\t<meta property=\"og:image:height\" content=\"1067\" \/>\n\t<meta property=\"og:image:type\" content=\"image\/jpeg\" \/>\n<meta name=\"twitter:card\" content=\"summary_large_image\" \/>\n<meta name=\"twitter:label1\" content=\"Dur\u00e9e de lecture estim\u00e9e\" \/>\n\t<meta name=\"twitter:data1\" content=\"5 minutes\" \/>\n<script type=\"application\/ld+json\" class=\"yoast-schema-graph\">{\"@context\":\"https:\\\/\\\/schema.org\",\"@graph\":[{\"@type\":\"WebPage\",\"@id\":\"https:\\\/\\\/macadamtraining.fr\\\/mon-kilometre-sante\\\/la-formation-universitaire\\\/\",\"url\":\"https:\\\/\\\/macadamtraining.fr\\\/mon-kilometre-sante\\\/la-formation-universitaire\\\/\",\"name\":\"La formation universitaire - Macadamtraining - Mon kilom\u00e8tre sant\u00e9\",\"isPartOf\":{\"@id\":\"https:\\\/\\\/macadamtraining.fr\\\/mon-kilometre-sante\\\/#website\"},\"primaryImageOfPage\":{\"@id\":\"https:\\\/\\\/macadamtraining.fr\\\/mon-kilometre-sante\\\/la-formation-universitaire\\\/#primaryimage\"},\"image\":{\"@id\":\"https:\\\/\\\/macadamtraining.fr\\\/mon-kilometre-sante\\\/la-formation-universitaire\\\/#primaryimage\"},\"thumbnailUrl\":\"https:\\\/\\\/macadamtraining.fr\\\/mon-kilometre-sante\\\/wp-content\\\/uploads\\\/2017\\\/10\\\/img_6926.jpg\",\"datePublished\":\"2017-11-17T09:47:02+00:00\",\"dateModified\":\"2020-04-24T14:15:53+00:00\",\"breadcrumb\":{\"@id\":\"https:\\\/\\\/macadamtraining.fr\\\/mon-kilometre-sante\\\/la-formation-universitaire\\\/#breadcrumb\"},\"inLanguage\":\"fr-FR\",\"potentialAction\":[{\"@type\":\"ReadAction\",\"target\":[\"https:\\\/\\\/macadamtraining.fr\\\/mon-kilometre-sante\\\/la-formation-universitaire\\\/\"]}]},{\"@type\":\"ImageObject\",\"inLanguage\":\"fr-FR\",\"@id\":\"https:\\\/\\\/macadamtraining.fr\\\/mon-kilometre-sante\\\/la-formation-universitaire\\\/#primaryimage\",\"url\":\"https:\\\/\\\/macadamtraining.fr\\\/mon-kilometre-sante\\\/wp-content\\\/uploads\\\/2017\\\/10\\\/img_6926.jpg\",\"contentUrl\":\"https:\\\/\\\/macadamtraining.fr\\\/mon-kilometre-sante\\\/wp-content\\\/uploads\\\/2017\\\/10\\\/img_6926.jpg\",\"width\":1600,\"height\":1067},{\"@type\":\"BreadcrumbList\",\"@id\":\"https:\\\/\\\/macadamtraining.fr\\\/mon-kilometre-sante\\\/la-formation-universitaire\\\/#breadcrumb\",\"itemListElement\":[{\"@type\":\"ListItem\",\"position\":1,\"name\":\"Accueil\",\"item\":\"https:\\\/\\\/macadamtraining.fr\\\/mon-kilometre-sante\\\/\"},{\"@type\":\"ListItem\",\"position\":2,\"name\":\"La formation universitaire\"}]},{\"@type\":\"WebSite\",\"@id\":\"https:\\\/\\\/macadamtraining.fr\\\/mon-kilometre-sante\\\/#website\",\"url\":\"https:\\\/\\\/macadamtraining.fr\\\/mon-kilometre-sante\\\/\",\"name\":\"Macadamtraining - Mon kilom\u00e8tre sant\u00e9\",\"description\":\"Avec nos macadamtrainer - D\u00e9couvrez le sport en mileu urbain autrement !\",\"potentialAction\":[{\"@type\":\"SearchAction\",\"target\":{\"@type\":\"EntryPoint\",\"urlTemplate\":\"https:\\\/\\\/macadamtraining.fr\\\/mon-kilometre-sante\\\/?s={search_term_string}\"},\"query-input\":{\"@type\":\"PropertyValueSpecification\",\"valueRequired\":true,\"valueName\":\"search_term_string\"}}],\"inLanguage\":\"fr-FR\"}]}<\/script>\n<!-- \/ Yoast SEO plugin. -->","yoast_head_json":{"title":"La formation universitaire - Macadamtraining - Mon kilom\u00e8tre sant\u00e9","robots":{"index":"index","follow":"follow","max-snippet":"max-snippet:-1","max-image-preview":"max-image-preview:large","max-video-preview":"max-video-preview:-1"},"canonical":"https:\/\/macadamtraining.fr\/mon-kilometre-sante\/la-formation-universitaire\/","og_locale":"fr_FR","og_type":"article","og_title":"La formation universitaire - Macadamtraining - Mon kilom\u00e8tre sant\u00e9","og_description":"La licence professionnelle Sant\u00e9, Vieillissement et Activit\u00e9s Physiques Adapt\u00e9es L\u2019Universite\u0301 Paris-Est-Cre\u0301teil associe\u0301e a\u0300 l'Universite\u0301 Paris-Est-Marne la Valle\u0301e forme de\u0301sormais a\u0300 l'encadrement de parcours sante\u0301. Il s'agit bien de cre\u0301er les conditions d'une pratique au plus pre\u0300s des citoyens qui ont besoin de ce type de service adapte\u0301 au mode de vie urbain. Cette formation est [&hellip;]","og_url":"https:\/\/macadamtraining.fr\/mon-kilometre-sante\/la-formation-universitaire\/","og_site_name":"Macadamtraining - Mon kilom\u00e8tre sant\u00e9","article_publisher":"https:\/\/www.facebook.com\/macadamtraining\/","article_modified_time":"2020-04-24T14:15:53+00:00","og_image":[{"width":1600,"height":1067,"url":"https:\/\/macadamtraining.fr\/mon-kilometre-sante\/wp-content\/uploads\/2017\/10\/img_6926.jpg","type":"image\/jpeg"}],"twitter_card":"summary_large_image","twitter_misc":{"Dur\u00e9e de lecture estim\u00e9e":"5 minutes"},"schema":{"@context":"https:\/\/schema.org","@graph":[{"@type":"WebPage","@id":"https:\/\/macadamtraining.fr\/mon-kilometre-sante\/la-formation-universitaire\/","url":"https:\/\/macadamtraining.fr\/mon-kilometre-sante\/la-formation-universitaire\/","name":"La formation universitaire - Macadamtraining - Mon kilom\u00e8tre sant\u00e9","isPartOf":{"@id":"https:\/\/macadamtraining.fr\/mon-kilometre-sante\/#website"},"primaryImageOfPage":{"@id":"https:\/\/macadamtraining.fr\/mon-kilometre-sante\/la-formation-universitaire\/#primaryimage"},"image":{"@id":"https:\/\/macadamtraining.fr\/mon-kilometre-sante\/la-formation-universitaire\/#primaryimage"},"thumbnailUrl":"https:\/\/macadamtraining.fr\/mon-kilometre-sante\/wp-content\/uploads\/2017\/10\/img_6926.jpg","datePublished":"2017-11-17T09:47:02+00:00","dateModified":"2020-04-24T14:15:53+00:00","breadcrumb":{"@id":"https:\/\/macadamtraining.fr\/mon-kilometre-sante\/la-formation-universitaire\/#breadcrumb"},"inLanguage":"fr-FR","potentialAction":[{"@type":"ReadAction","target":["https:\/\/macadamtraining.fr\/mon-kilometre-sante\/la-formation-universitaire\/"]}]},{"@type":"ImageObject","inLanguage":"fr-FR","@id":"https:\/\/macadamtraining.fr\/mon-kilometre-sante\/la-formation-universitaire\/#primaryimage","url":"https:\/\/macadamtraining.fr\/mon-kilometre-sante\/wp-content\/uploads\/2017\/10\/img_6926.jpg","contentUrl":"https:\/\/macadamtraining.fr\/mon-kilometre-sante\/wp-content\/uploads\/2017\/10\/img_6926.jpg","width":1600,"height":1067},{"@type":"BreadcrumbList","@id":"https:\/\/macadamtraining.fr\/mon-kilometre-sante\/la-formation-universitaire\/#breadcrumb","itemListElement":[{"@type":"ListItem","position":1,"name":"Accueil","item":"https:\/\/macadamtraining.fr\/mon-kilometre-sante\/"},{"@type":"ListItem","position":2,"name":"La formation universitaire"}]},{"@type":"WebSite","@id":"https:\/\/macadamtraining.fr\/mon-kilometre-sante\/#website","url":"https:\/\/macadamtraining.fr\/mon-kilometre-sante\/","name":"Macadamtraining - Mon kilom\u00e8tre sant\u00e9","description":"Avec nos macadamtrainer - D\u00e9couvrez le sport en mileu urbain autrement !","potentialAction":[{"@type":"SearchAction","target":{"@type":"EntryPoint","urlTemplate":"https:\/\/macadamtraining.fr\/mon-kilometre-sante\/?s={search_term_string}"},"query-input":{"@type":"PropertyValueSpecification","valueRequired":true,"valueName":"search_term_string"}}],"inLanguage":"fr-FR"}]}},"_links":{"self":[{"href":"https:\/\/macadamtraining.fr\/mon-kilometre-sante\/wp-json\/wp\/v2\/pages\/653","targetHints":{"allow":["GET"]}}],"collection":[{"href":"https:\/\/macadamtraining.fr\/mon-kilometre-sante\/wp-json\/wp\/v2\/pages"}],"about":[{"href":"https:\/\/macadamtraining.fr\/mon-kilometre-sante\/wp-json\/wp\/v2\/types\/page"}],"author":[{"embeddable":true,"href":"https:\/\/macadamtraining.fr\/mon-kilometre-sante\/wp-json\/wp\/v2\/users\/1"}],"replies":[{"embeddable":true,"href":"https:\/\/macadamtraining.fr\/mon-kilometre-sante\/wp-json\/wp\/v2\/comments?post=653"}],"version-history":[{"count":0,"href":"https:\/\/macadamtraining.fr\/mon-kilometre-sante\/wp-json\/wp\/v2\/pages\/653\/revisions"}],"wp:featuredmedia":[{"embeddable":true,"href":"https:\/\/macadamtraining.fr\/mon-kilometre-sante\/wp-json\/wp\/v2\/media\/473"}],"wp:attachment":[{"href":"https:\/\/macadamtraining.fr\/mon-kilometre-sante\/wp-json\/wp\/v2\/media?parent=653"}],"curies":[{"name":"wp","href":"https:\/\/api.w.org\/{rel}","templated":true}]}}